{"id":103,"date":"2016-07-26T23:37:30","date_gmt":"2016-07-26T23:37:30","guid":{"rendered":"http:\/\/d6c8da1efc.url-de-test.ws\/?page_id=103"},"modified":"2024-12-30T17:17:17","modified_gmt":"2024-12-30T17:17:17","slug":"logicels","status":"publish","type":"page","link":"http:\/\/www.demartd.com\/?page_id=103","title":{"rendered":"Logiciels"},"content":{"rendered":"<h2><em>Avec DEMARTD vous trouverez le logiciel qui r\u00e9pondra \u00e0 vos besoins.<\/em><\/h2>\n<h2><em>Vous voulez choisir un logiciel pour vos projets.<\/em><\/h2>\n<h2><em>Vous voulez faire \u00e9voluer vos logiciels.<\/em><\/h2>\n<h2><em>Vous voulez faire le passage vers le BIM.<\/em><\/h2>\n<h2><em>DEMARTD vous aidera \u00e0 choisir le logiciel ou la suite de logiciels parmi les produits Autodesk, Adobe, Microsoft et GTX.<\/em><\/h2>\n<p>&nbsp;<\/p>\n<h2><\/h2>\n<h2><em>Exemples de logiciels qui r\u00e9pondrons \u00e0 vos besoins :<\/em><\/h2>\n<p>&nbsp;<\/p>\n<p><a href=\"http:\/\/www.demartd.com\/wp-content\/uploads\/2016\/07\/Titre-LT.jpg\"><img decoding=\"async\" loading=\"lazy\" class=\"size-medium wp-image-199 alignleft\" src=\"http:\/\/www.demartd.com\/wp-content\/uploads\/2016\/07\/Titre-LT-300x64.jpg\" alt=\"\" width=\"300\" height=\"64\" srcset=\"http:\/\/www.demartd.com\/wp-content\/uploads\/2016\/07\/Titre-LT-300x64.jpg 300w, http:\/\/www.demartd.com\/wp-content\/uploads\/2016\/07\/Titre-LT.jpg 314w\" sizes=\"(max-width: 300px) 100vw, 300px\" \/><\/a><\/p>\n<h4 style=\"text-align: left;\">AutoCAD LT vous permet de cr\u00e9er et de g\u00e9rer vos dessins en 2D avec toute la performance d&rsquo;AutoCAD.<\/h4>\n<p>&nbsp;<\/p>\n<h4><a href=\"http:\/\/www.demartd.com\/wp-content\/uploads\/2016\/07\/Titre-phoschop-1.jpg\"><img decoding=\"async\" loading=\"lazy\" class=\"size-medium wp-image-201 alignleft\" src=\"http:\/\/www.demartd.com\/wp-content\/uploads\/2016\/07\/Titre-phoschop-1-300x64.jpg\" alt=\"\" width=\"300\" height=\"64\" srcset=\"http:\/\/www.demartd.com\/wp-content\/uploads\/2016\/07\/Titre-phoschop-1-300x64.jpg 300w, http:\/\/www.demartd.com\/wp-content\/uploads\/2016\/07\/Titre-phoschop-1.jpg 314w\" sizes=\"(max-width: 300px) 100vw, 300px\" \/><\/a>Photoshop vous permet de cr\u00e9er et am\u00e9liorer une multitude de contenus tels que des photographies, des applications web et mobiles, des illustrations 3D et des vid\u00e9os.<\/h4>\n<p>&nbsp;<\/p>\n<p><a href=\"http:\/\/www.demartd.com\/wp-content\/uploads\/2016\/07\/Titre-Gtx.jpg\"><img decoding=\"async\" loading=\"lazy\" class=\"size-medium wp-image-202 alignleft\" src=\"http:\/\/www.demartd.com\/wp-content\/uploads\/2016\/07\/Titre-Gtx-300x63.jpg\" alt=\"\" width=\"300\" height=\"63\" srcset=\"http:\/\/www.demartd.com\/wp-content\/uploads\/2016\/07\/Titre-Gtx-300x63.jpg 300w, http:\/\/www.demartd.com\/wp-content\/uploads\/2016\/07\/Titre-Gtx.jpg 314w\" sizes=\"(max-width: 300px) 100vw, 300px\" \/><\/a><\/p>\n<h4 style=\"text-align: left;\">GTXIMAGE CAD vous permet de r\u00e9aliser des dessins avec la plateforme AutoCAD pour r\u00e9aliser vos dessins et de modifier des dessins papier num\u00e9ris\u00e9s, soit en noir et blanc ou en couleur.<\/h4>\n<p>&nbsp;<\/p>\n<p>&nbsp;<\/p>\n<h3 style=\"text-align: center;\"><a href=\"http:\/\/www.demartd.com\/?page_id=103\"><em>RETOUR<\/em><\/a><\/h3>\n","protected":false},"excerpt":{"rendered":"<p>Avec DEMARTD vous trouverez le logiciel qui r\u00e9pondra \u00e0 vos besoins. Vous voulez choisir un logiciel pour vos projets. Vous voulez faire \u00e9voluer vos logiciels. Vous voulez faire le passage vers le BIM. DEMARTD vous aidera \u00e0 choisir le logiciel ou la suite de logiciels parmi les produits Autodesk, Adobe, Microsoft et GTX. &nbsp; Exemples [&hellip;]<\/p>\n","protected":false},"author":1,"featured_media":0,"parent":0,"menu_order":0,"comment_status":"closed","ping_status":"open","template":"","meta":[],"_links":{"self":[{"href":"http:\/\/www.demartd.com\/index.php?rest_route=\/wp\/v2\/pages\/103"}],"collection":[{"href":"http:\/\/www.demartd.com\/index.php?rest_route=\/wp\/v2\/pages"}],"about":[{"href":"http:\/\/www.demartd.com\/index.php?rest_route=\/wp\/v2\/types\/page"}],"author":[{"embeddable":true,"href":"http:\/\/www.demartd.com\/index.php?rest_route=\/wp\/v2\/users\/1"}],"replies":[{"embeddable":true,"href":"http:\/\/www.demartd.com\/index.php?rest_route=%2Fwp%2Fv2%2Fcomments&post=103"}],"version-history":[{"count":17,"href":"http:\/\/www.demartd.com\/index.php?rest_route=\/wp\/v2\/pages\/103\/revisions"}],"predecessor-version":[{"id":478,"href":"http:\/\/www.demartd.com\/index.php?rest_route=\/wp\/v2\/pages\/103\/revisions\/478"}],"wp:attachment":[{"href":"http:\/\/www.demartd.com\/index.php?rest_route=%2Fwp%2Fv2%2Fmedia&parent=103"}],"curies":[{"name":"wp","href":"https:\/\/api.w.org\/{rel}","templated":true}]}}