{"id":21,"date":"2015-11-07T11:53:02","date_gmt":"2015-11-07T11:53:02","guid":{"rendered":"http:\/\/d6c8da1efc.url-de-test.ws\/?page_id=21"},"modified":"2017-02-27T15:13:53","modified_gmt":"2017-02-27T15:13:53","slug":"traceurs","status":"publish","type":"page","link":"http:\/\/www.demartd.com\/?page_id=21","title":{"rendered":"TRACEURS"},"content":{"rendered":"<h2><em>DEMARTD vous permet de choisir le TRACEUR dont vous avez besoin.<\/em><\/h2>\n<h2><em>En fonction de vos sorties papier DEMARTD peut vous proposer le traceur qui va r\u00e9pondre \u00e0 vos attentes au niveau de la performance.<\/em><\/h2>\n<h2><em>De plus nous pouvons compl\u00e9ter votre choix d&rsquo;un traceur avec celui d&rsquo;une plieuse et d&rsquo;une coupeuse de plans.<\/em><\/h2>\n<h6><\/h6>\n<h2><\/h2>\n<h2><em>Exemples de traceurs, de plieuses et de coupeuses de plans :<\/em><\/h2>\n<p>&nbsp;<\/p>\n<p><a href=\"http:\/\/www.demartd.com\/wp-content\/uploads\/2015\/11\/Bandeau-traceur.jpg\"><img decoding=\"async\" loading=\"lazy\" class=\"aligncenter wp-image-192 size-full\" src=\"http:\/\/www.demartd.com\/wp-content\/uploads\/2015\/11\/Bandeau-traceur.jpg\" width=\"1479\" height=\"411\" srcset=\"http:\/\/www.demartd.com\/wp-content\/uploads\/2015\/11\/Bandeau-traceur.jpg 1479w, http:\/\/www.demartd.com\/wp-content\/uploads\/2015\/11\/Bandeau-traceur-300x83.jpg 300w, http:\/\/www.demartd.com\/wp-content\/uploads\/2015\/11\/Bandeau-traceur-768x213.jpg 768w, http:\/\/www.demartd.com\/wp-content\/uploads\/2015\/11\/Bandeau-traceur-1024x285.jpg 1024w\" sizes=\"(max-width: 1479px) 100vw, 1479px\" \/><\/a><\/p>\n<p>&nbsp;<\/p>\n<p><a href=\"http:\/\/www.demartd.com\/wp-content\/uploads\/2015\/11\/Plieuses-coupeuses.jpg\"><img decoding=\"async\" loading=\"lazy\" class=\"aligncenter wp-image-189 size-full\" src=\"http:\/\/www.demartd.com\/wp-content\/uploads\/2015\/11\/Plieuses-coupeuses.jpg\" width=\"1479\" height=\"411\" srcset=\"http:\/\/www.demartd.com\/wp-content\/uploads\/2015\/11\/Plieuses-coupeuses.jpg 1479w, http:\/\/www.demartd.com\/wp-content\/uploads\/2015\/11\/Plieuses-coupeuses-300x83.jpg 300w, http:\/\/www.demartd.com\/wp-content\/uploads\/2015\/11\/Plieuses-coupeuses-768x213.jpg 768w, http:\/\/www.demartd.com\/wp-content\/uploads\/2015\/11\/Plieuses-coupeuses-1024x285.jpg 1024w\" sizes=\"(max-width: 1479px) 100vw, 1479px\" \/><\/a><\/p>\n<p>&nbsp;<\/p>\n<p>&nbsp;<\/p>\n<h3 style=\"text-align: center;\"><a href=\"http:\/\/www.demartd.com\/?page_id=21\"><em>RETOUR<\/em><\/a><\/h3>\n<p>&nbsp;<\/p>\n","protected":false},"excerpt":{"rendered":"<p>DEMARTD vous permet de choisir le TRACEUR dont vous avez besoin. En fonction de vos sorties papier DEMARTD peut vous proposer le traceur qui va r\u00e9pondre \u00e0 vos attentes au niveau de la performance. De plus nous pouvons compl\u00e9ter votre choix d&rsquo;un traceur avec celui d&rsquo;une plieuse et d&rsquo;une coupeuse de plans. Exemples de traceurs, [&hellip;]<\/p>\n","protected":false},"author":1,"featured_media":0,"parent":0,"menu_order":0,"comment_status":"closed","ping_status":"open","template":"","meta":[],"_links":{"self":[{"href":"http:\/\/www.demartd.com\/index.php?rest_route=\/wp\/v2\/pages\/21"}],"collection":[{"href":"http:\/\/www.demartd.com\/index.php?rest_route=\/wp\/v2\/pages"}],"about":[{"href":"http:\/\/www.demartd.com\/index.php?rest_route=\/wp\/v2\/types\/page"}],"author":[{"embeddable":true,"href":"http:\/\/www.demartd.com\/index.php?rest_route=\/wp\/v2\/users\/1"}],"replies":[{"embeddable":true,"href":"http:\/\/www.demartd.com\/index.php?rest_route=%2Fwp%2Fv2%2Fcomments&post=21"}],"version-history":[{"count":13,"href":"http:\/\/www.demartd.com\/index.php?rest_route=\/wp\/v2\/pages\/21\/revisions"}],"predecessor-version":[{"id":286,"href":"http:\/\/www.demartd.com\/index.php?rest_route=\/wp\/v2\/pages\/21\/revisions\/286"}],"wp:attachment":[{"href":"http:\/\/www.demartd.com\/index.php?rest_route=%2Fwp%2Fv2%2Fmedia&parent=21"}],"curies":[{"name":"wp","href":"https:\/\/api.w.org\/{rel}","templated":true}]}}